{"id":2,"date":"2016-12-23T09:05:26","date_gmt":"2016-12-23T09:05:26","guid":{"rendered":"https:\/\/seksi-seuraa.fi\/seksiseuraa\/?page_id=2"},"modified":"2016-12-23T09:27:44","modified_gmt":"2016-12-23T09:27:44","slug":"seksi-seuraa","status":"publish","type":"page","link":"https:\/\/seksi-seuraa.fi\/seksiseuraa\/seksi-seuraa\/","title":{"rendered":"Seksiseuraa"},"content":{"rendered":"<p>T\u00e4st\u00e4 blogista l\u00f6yd\u00e4t vinkkej\u00e4 naisille ja miehille seuranhakuun ja seksiseuranhakuun netiss\u00e4.<\/p>\n<blockquote><p><i>&#8221;Seksi yhtyneen\u00e4 rakkauteen on kauneinta mit\u00e4 ajatella voi. Mutta seksi ilman rakkautta ei ole hullumpaa sek\u00e4\u00e4n.&#8221;<\/i> &#8211; Christie Hefner<\/p><\/blockquote>\n<p>&#8230;Sivuston teemaa vois kuvailla:<\/p>\n<blockquote><p><span style=\"color: #330000; font-family: 'Bookman Old Style', 'Book Antiqua', Garamond, Verdana; font-size: medium;\"><i>&#8221;Tuhmasta p\u00e4\u00e4st\u00e4 nauttii koko ruumis.&#8221;<\/i> &#8211; Tuntematon<\/span><\/p><\/blockquote>\n<p>Olipa siis tavoiteenasi l\u00f6yt\u00e4\u00e4 unelmien aviopuoliso tai hetken hekumaa, niin liity seuraan. Seksiseuraa sinulle!<\/p>\n","protected":false},"excerpt":{"rendered":"<p>T\u00e4st\u00e4 blogista l\u00f6yd\u00e4t vinkkej\u00e4 naisille ja miehille seuranhakuun ja seksiseuranhakuun netiss\u00e4. &#8221;Seksi yhtyneen\u00e4 rakkauteen on kauneinta mit\u00e4 ajatella voi. Mutta seksi ilman rakkautta ei ole hullumpaa sek\u00e4\u00e4n.&#8221; &#8211; Christie Hefner &#8230;Sivuston teemaa vois kuvailla: &#8221;Tuhmasta&#8230;<\/p>\n","protected":false},"author":1,"featured_media":0,"parent":0,"menu_order":0,"comment_status":"closed","ping_status":"open","template":"","meta":{"footnotes":""},"class_list":["post-2","page","type-page","status-publish","hentry"],"_links":{"self":[{"href":"https:\/\/seksi-seuraa.fi\/seksiseuraa\/wp-json\/wp\/v2\/pages\/2","targetHints":{"allow":["GET"]}}],"collection":[{"href":"https:\/\/seksi-seuraa.fi\/seksiseuraa\/wp-json\/wp\/v2\/pages"}],"about":[{"href":"https:\/\/seksi-seuraa.fi\/seksiseuraa\/wp-json\/wp\/v2\/types\/page"}],"author":[{"embeddable":true,"href":"https:\/\/seksi-seuraa.fi\/seksiseuraa\/wp-json\/wp\/v2\/users\/1"}],"replies":[{"embeddable":true,"href":"https:\/\/seksi-seuraa.fi\/seksiseuraa\/wp-json\/wp\/v2\/comments?post=2"}],"version-history":[{"count":2,"href":"https:\/\/seksi-seuraa.fi\/seksiseuraa\/wp-json\/wp\/v2\/pages\/2\/revisions"}],"predecessor-version":[{"id":128,"href":"https:\/\/seksi-seuraa.fi\/seksiseuraa\/wp-json\/wp\/v2\/pages\/2\/revisions\/128"}],"wp:attachment":[{"href":"https:\/\/seksi-seuraa.fi\/seksiseuraa\/wp-json\/wp\/v2\/media?parent=2"}],"curies":[{"name":"wp","href":"https:\/\/api.w.org\/{rel}","templated":true}]}}